{"id":243,"date":"2022-08-31T18:21:31","date_gmt":"2022-08-31T21:21:31","guid":{"rendered":"http:\/\/www.observacom.org\/proyectopidc\/?page_id=243"},"modified":"2023-10-23T13:08:11","modified_gmt":"2023-10-23T16:08:11","slug":"entornos-regulatorios","status":"publish","type":"page","link":"https:\/\/www.observacom.org\/proyectopidc\/entornos-regulatorios\/","title":{"rendered":"Entornos regulatorios"},"content":{"rendered":"<p>[vc_section full_width=\u00bbstretch_row\u00bb css=\u00bb.vc_custom_1661980972061{margin-top: -10px !important;background-color: #ffffff !important;}\u00bb][vc_row][vc_column width=\u00bb1\/4&#8243;][\/vc_column][vc_column width=\u00bb1\/4&#8243;][vc_single_image image=\u00bb139&#8243; img_size=\u00bbfull\u00bb alignment=\u00bbcenter\u00bb][\/vc_column][vc_column width=\u00bb1\/4&#8243;][vc_single_image image=\u00bb198&#8243; img_size=\u00bblarge\u00bb alignment=\u00bbcenter\u00bb css=\u00bb.vc_custom_1661981108308{margin-top: -35px !important;}\u00bb][\/vc_column][vc_column width=\u00bb1\/4&#8243;][\/vc_column][\/vc_row][\/vc_section][vc_row][vc_column][vc_row_inner][vc_column_inner width=\u00bb1\/6&#8243;][\/vc_column_inner][vc_column_inner width=\u00bb1\/6&#8243;][vc_single_image image=\u00bb333&#8243; img_size=\u00bbfull\u00bb css=\u00bb.vc_custom_1662145727943{margin-top: 40px !important;}\u00bb][\/vc_column_inner][vc_column_inner width=\u00bb1\/6&#8243;][\/vc_column_inner][vc_column_inner width=\u00bb1\/6&#8243;][\/vc_column_inner][vc_column_inner width=\u00bb1\/6&#8243;][\/vc_column_inner][vc_column_inner width=\u00bb1\/6&#8243;][\/vc_column_inner][\/vc_row_inner][vc_column_text]<\/p>\n<h1 style=\"text-align: center;\"><strong>Entorno regulatorio y pol\u00edticas p\u00fablicas para la sostenibilidad<br \/>\nde los medios comunitarios en Am\u00e9rica Latina<\/strong><\/h1>\n<p>[\/vc_column_text][\/vc_column][\/vc_row][vc_row][vc_column width=\u00bb1\/4&#8243;][vc_single_image image=\u00bb364&#8243; img_size=\u00bbfull\u00bb alignment=\u00bbcenter\u00bb onclick=\u00bbcustom_link\u00bb img_link_target=\u00bb_blank\u00bb link=\u00bbhttp:\/\/www.observacom.org\/proyectopidc\/wp-content\/uploads\/2022\/09\/Argentina-Medios-comunitarios-Final.pdf\u00bb][\/vc_column][vc_column width=\u00bb1\/4&#8243;][vc_single_image image=\u00bb365&#8243; img_size=\u00bbfull\u00bb alignment=\u00bbcenter\u00bb onclick=\u00bbcustom_link\u00bb img_link_target=\u00bb_blank\u00bb link=\u00bbhttp:\/\/www.observacom.org\/proyectopidc\/wp-content\/uploads\/2022\/09\/Bolivia-Medio-comunitarios-Final.pdf\u00bb][\/vc_column][vc_column width=\u00bb1\/4&#8243;][vc_single_image image=\u00bb368&#8243; img_size=\u00bbfull\u00bb alignment=\u00bbcenter\u00bb onclick=\u00bbcustom_link\u00bb img_link_target=\u00bb_blank\u00bb link=\u00bbhttp:\/\/www.observacom.org\/proyectopidc\/wp-content\/uploads\/2022\/09\/Brasil-Medio-comunitarios-Final.pdf\u00bb][\/vc_column][vc_column width=\u00bb1\/4&#8243;][vc_single_image image=\u00bb369&#8243; img_size=\u00bbfull\u00bb alignment=\u00bbcenter\u00bb onclick=\u00bbcustom_link\u00bb img_link_target=\u00bb_blank\u00bb link=\u00bbhttp:\/\/www.observacom.org\/proyectopidc\/wp-content\/uploads\/2022\/11\/Chile-Medios-comunitarios-Final.pdf\u00bb][\/vc_column][\/vc_row][vc_row][vc_column width=\u00bb1\/4&#8243;][vc_single_image image=\u00bb379&#8243; img_size=\u00bbfull\u00bb alignment=\u00bbcenter\u00bb onclick=\u00bbcustom_link\u00bb img_link_target=\u00bb_blank\u00bb link=\u00bbhttp:\/\/www.observacom.org\/proyectopidc\/wp-content\/uploads\/2022\/09\/Colombia-Medios-comunitarios-Final.pdf\u00bb][\/vc_column][vc_column width=\u00bb1\/4&#8243;][vc_single_image image=\u00bb377&#8243; img_size=\u00bbfull\u00bb alignment=\u00bbcenter\u00bb onclick=\u00bbcustom_link\u00bb img_link_target=\u00bb_blank\u00bb link=\u00bbhttp:\/\/www.observacom.org\/proyectopidc\/wp-content\/uploads\/2022\/09\/Ecuador-Medios-comunitarios.pdf\u00bb][\/vc_column][vc_column width=\u00bb1\/4&#8243;][vc_single_image image=\u00bb376&#8243; img_size=\u00bbfull\u00bb alignment=\u00bbcenter\u00bb onclick=\u00bbcustom_link\u00bb img_link_target=\u00bb_blank\u00bb link=\u00bbhttp:\/\/www.observacom.org\/proyectopidc\/wp-content\/uploads\/2022\/09\/El-Salvador-Medios-comunitarios.pdf\u00bb][\/vc_column][vc_column width=\u00bb1\/4&#8243;][vc_single_image image=\u00bb404&#8243; img_size=\u00bbfull\u00bb onclick=\u00bbcustom_link\u00bb img_link_target=\u00bb_blank\u00bb link=\u00bbhttp:\/\/www.observacom.org\/proyectopidc\/wp-content\/uploads\/2023\/10\/Guatemala-Medios-comunitarios.pdf\u00bb][\/vc_column][\/vc_row][vc_row][vc_column width=\u00bb1\/4&#8243;][vc_single_image image=\u00bb405&#8243; img_size=\u00bbfull\u00bb onclick=\u00bbcustom_link\u00bb img_link_target=\u00bb_blank\u00bb link=\u00bbhttp:\/\/www.observacom.org\/proyectopidc\/wp-content\/uploads\/2023\/10\/Honduras-Medios-comunitarios.pdf\u00bb][\/vc_column][vc_column width=\u00bb1\/4&#8243;][vc_single_image image=\u00bb375&#8243; img_size=\u00bbfull\u00bb alignment=\u00bbcenter\u00bb onclick=\u00bbcustom_link\u00bb img_link_target=\u00bb_blank\u00bb link=\u00bbhttp:\/\/www.observacom.org\/proyectopidc\/wp-content\/uploads\/2022\/09\/Paraguay-Medios-comunitarios.pdf\u00bb][\/vc_column][vc_column width=\u00bb1\/4&#8243;][vc_single_image image=\u00bb374&#8243; img_size=\u00bbfull\u00bb alignment=\u00bbcenter\u00bb onclick=\u00bbcustom_link\u00bb img_link_target=\u00bb_blank\u00bb link=\u00bbhttp:\/\/www.observacom.org\/proyectopidc\/wp-content\/uploads\/2022\/09\/Peru-Medios-comunitarios.pdf\u00bb][\/vc_column][vc_column width=\u00bb1\/4&#8243;][vc_single_image image=\u00bb372&#8243; img_size=\u00bbfull\u00bb alignment=\u00bbcenter\u00bb onclick=\u00bbcustom_link\u00bb img_link_target=\u00bb_blank\u00bb link=\u00bbhttp:\/\/www.observacom.org\/proyectopidc\/wp-content\/uploads\/2022\/09\/Uruguay-Medios-comunitarios.pdf\u00bb][\/vc_column][\/vc_row][vc_row][vc_column width=\u00bb1\/4&#8243;][vc_single_image image=\u00bb385&#8243; img_size=\u00bbfull\u00bb alignment=\u00bbcenter\u00bb onclick=\u00bbcustom_link\u00bb img_link_target=\u00bb_blank\u00bb link=\u00bbhttp:\/\/www.observacom.org\/proyectopidc\/wp-content\/uploads\/2022\/09\/Regional-Medios-comunitarios.pdf\u00bb][\/vc_column][vc_column width=\u00bb1\/4&#8243;][vc_single_image image=\u00bb378&#8243; img_size=\u00bbfull\u00bb alignment=\u00bbcenter\u00bb onclick=\u00bbcustom_link\u00bb img_link_target=\u00bb_blank\u00bb link=\u00bbhttp:\/\/www.observacom.org\/proyectopidc\/wp-content\/uploads\/2022\/11\/Medios-Comunitarios-Completo.pdf\u00bb][\/vc_column][\/vc_row][vc_row][vc_column width=\u00bb1\/4&#8243;][\/vc_column][vc_column width=\u00bb1\/4&#8243;][\/vc_column][\/vc_row]<\/p>\n","protected":false},"excerpt":{"rendered":"<p>[vc_section full_width=\u00bbstretch_row\u00bb css=\u00bb.vc_custom_1661980972061{margin-top: -10px !important;background-color: #ffffff !important;}\u00bb][vc_row][vc_column width=\u00bb1\/4&#8243;][\/vc_column][vc_column width=\u00bb1\/4&#8243;][vc_single_image image=\u00bb139&#8243; img_size=\u00bbfull\u00bb alignment=\u00bbcenter\u00bb][\/vc_column][vc_column width=\u00bb1\/4&#8243;][vc_single_image image=\u00bb198&#8243; img_size=\u00bblarge\u00bb alignment=\u00bbcenter\u00bb css=\u00bb.vc_custom_1661981108308{margin-top: -35px !important;}\u00bb][\/vc_column][vc_column width=\u00bb1\/4&#8243;][\/vc_column][\/vc_row][\/vc_section][vc_row][vc_column][vc_row_inner][vc_column_inner width=\u00bb1\/6&#8243;][\/vc_column_inner][vc_column_inner width=\u00bb1\/6&#8243;][vc_single_image image=\u00bb333&#8243; img_size=\u00bbfull\u00bb css=\u00bb.vc_custom_1662145727943{margin-top: 40px !important;}\u00bb][\/vc_column_inner][vc_column_inner width=\u00bb1\/6&#8243;][\/vc_column_inner][vc_column_inner width=\u00bb1\/6&#8243;][\/vc_column_inner][vc_column_inner width=\u00bb1\/6&#8243;][\/vc_column_inner][vc_column_inner width=\u00bb1\/6&#8243;][\/vc_column_inner][\/vc_row_inner][vc_column_text] Entorno regulatorio y pol\u00edticas p\u00fablicas para la sostenibilidad de los medios comunitarios en Am\u00e9rica Latina [\/vc_column_text][\/vc_column][\/vc_row][vc_row][vc_column width=\u00bb1\/4&#8243;][vc_single_image image=\u00bb364&#8243; img_size=\u00bbfull\u00bb alignment=\u00bbcenter\u00bb onclick=\u00bbcustom_link\u00bb img_link_target=\u00bb_blank\u00bb link=\u00bbhttp:\/\/www.observacom.org\/proyectopidc\/wp-content\/uploads\/2022\/09\/Argentina-Medios-comunitarios-Final.pdf\u00bb][\/vc_column][vc_column width=\u00bb1\/4&#8243;][vc_single_image [&hellip;]<\/p>\n","protected":false},"author":1,"featured_media":0,"parent":0,"menu_order":0,"comment_status":"closed","ping_status":"closed","template":"","meta":{"footnotes":""},"class_list":["post-243","page","type-page","status-publish","hentry"],"_links":{"self":[{"href":"https:\/\/www.observacom.org\/proyectopidc\/wp-json\/wp\/v2\/pages\/243"}],"collection":[{"href":"https:\/\/www.observacom.org\/proyectopidc\/wp-json\/wp\/v2\/pages"}],"about":[{"href":"https:\/\/www.observacom.org\/proyectopidc\/wp-json\/wp\/v2\/types\/page"}],"author":[{"embeddable":true,"href":"https:\/\/www.observacom.org\/proyectopidc\/wp-json\/wp\/v2\/users\/1"}],"replies":[{"embeddable":true,"href":"https:\/\/www.observacom.org\/proyectopidc\/wp-json\/wp\/v2\/comments?post=243"}],"version-history":[{"count":33,"href":"https:\/\/www.observacom.org\/proyectopidc\/wp-json\/wp\/v2\/pages\/243\/revisions"}],"predecessor-version":[{"id":410,"href":"https:\/\/www.observacom.org\/proyectopidc\/wp-json\/wp\/v2\/pages\/243\/revisions\/410"}],"wp:attachment":[{"href":"https:\/\/www.observacom.org\/proyectopidc\/wp-json\/wp\/v2\/media?parent=243"}],"curies":[{"name":"wp","href":"https:\/\/api.w.org\/{rel}","templated":true}]}}