{"id":41,"date":"2022-08-29T19:23:46","date_gmt":"2022-08-29T19:23:46","guid":{"rendered":"http:\/\/www.observacom.org\/proyectopidc\/?page_id=41"},"modified":"2022-11-24T13:55:44","modified_gmt":"2022-11-24T16:55:44","slug":"41-2","status":"publish","type":"page","link":"https:\/\/www.observacom.org\/proyectopidc\/","title":{"rendered":"Medios Comunitarios"},"content":{"rendered":"<p>[vc_section full_width=\u00bbstretch_row\u00bb css=\u00bb.vc_custom_1661892454207{margin-top: -10px !important;background-color: #ffffff !important;}\u00bb][vc_row][vc_column width=\u00bb1\/4&#8243;][\/vc_column][vc_column width=\u00bb1\/4&#8243;][vc_single_image image=\u00bb139&#8243; img_size=\u00bbfull\u00bb alignment=\u00bbcenter\u00bb][\/vc_column][vc_column width=\u00bb1\/4&#8243;][vc_single_image image=\u00bb198&#8243; img_size=\u00bblarge\u00bb alignment=\u00bbcenter\u00bb css=\u00bb.vc_custom_1661893402542{margin-top: -35px !important;}\u00bb][\/vc_column][vc_column width=\u00bb1\/4&#8243;][\/vc_column][\/vc_row][\/vc_section][vc_section full_width=\u00bbstretch_row_content\u00bb css=\u00bb.vc_custom_1661885319146{background: #88b2df url(http:\/\/www.observacom.org\/proyectopidc\/wp-content\/uploads\/2022\/08\/fondo-transparentado.png?id=76) !important;}\u00bb][vc_row][vc_column][vc_column_text css_animation=\u00bbbounceInLeft\u00bb css=\u00bb.vc_custom_1661978487550{margin-top: 0px !important;}\u00bb]<\/p>\n<h1 align=\"CENTER\"><strong>Medios Comunitarios<\/strong><\/h1>\n<h4 class=\"western\" align=\"CENTER\">Pol\u00edticas p\u00fablicas y entornos regulatorios para la sostenibilidad<br \/>\nde los medios comunitarios y de proximidad en Am\u00e9rica Latina.<\/h4>\n<p>[\/vc_column_text][\/vc_column][\/vc_row][vc_row gap=\u00bb20&#8243;][vc_column][vc_row_inner][vc_column_inner][\/vc_column_inner][\/vc_row_inner][\/vc_column][\/vc_row][\/vc_section][vc_row full_width=\u00bbstretch_row\u00bb][vc_column][vc_empty_space][\/vc_column][\/vc_row][vc_row][vc_column width=\u00bb1\/4&#8243;][\/vc_column][vc_column width=\u00bb1\/4&#8243;][vc_column_text]<\/p>\n<h3 style=\"text-align: center;\"><strong>Informes<\/strong><\/h3>\n<p>[\/vc_column_text][vc_single_image image=\u00bb182&#8243; img_size=\u00bbfull\u00bb alignment=\u00bbcenter\u00bb onclick=\u00bbcustom_link\u00bb img_link_target=\u00bb_blank\u00bb css=\u00bb.vc_custom_1669308943834{background-color: #ffffff !important;border-radius: 5px !important;}\u00bb link=\u00bbhttp:\/\/www.observacom.org\/proyectopidc\/entornos-regulatorios\/\u00bb][\/vc_column][vc_column width=\u00bb1\/4&#8243;][vc_column_text]<\/p>\n<h3 style=\"text-align: center;\"><strong>Base legislativa<\/strong><\/h3>\n<p>[\/vc_column_text][vc_single_image image=\u00bb387&#8243; img_size=\u00bbfull\u00bb alignment=\u00bbcenter\u00bb onclick=\u00bbcustom_link\u00bb img_link_target=\u00bb_blank\u00bb css=\u00bb.vc_custom_1664495895872{border-radius: 5px !important;}\u00bb link=\u00bbhttp:\/\/www.observacom.org\/proyectopidc\/base-de-datos-legislativa\/\u00bb][\/vc_column][vc_column width=\u00bb1\/4&#8243;][\/vc_column][\/vc_row][vc_row][vc_column][\/vc_column][\/vc_row]<\/p>\n","protected":false},"excerpt":{"rendered":"<p>[vc_section full_width=\u00bbstretch_row\u00bb css=\u00bb.vc_custom_1661892454207{margin-top: -10px !important;background-color: #ffffff !important;}\u00bb][vc_row][vc_column width=\u00bb1\/4&#8243;][\/vc_column][vc_column width=\u00bb1\/4&#8243;][vc_single_image image=\u00bb139&#8243; img_size=\u00bbfull\u00bb alignment=\u00bbcenter\u00bb][\/vc_column][vc_column width=\u00bb1\/4&#8243;][vc_single_image image=\u00bb198&#8243; img_size=\u00bblarge\u00bb alignment=\u00bbcenter\u00bb css=\u00bb.vc_custom_1661893402542{margin-top: -35px !important;}\u00bb][\/vc_column][vc_column width=\u00bb1\/4&#8243;][\/vc_column][\/vc_row][\/vc_section][vc_section full_width=\u00bbstretch_row_content\u00bb css=\u00bb.vc_custom_1661885319146{background: #88b2df url(http:\/\/www.observacom.org\/proyectopidc\/wp-content\/uploads\/2022\/08\/fondo-transparentado.png?id=76) !important;}\u00bb][vc_row][vc_column][vc_column_text css_animation=\u00bbbounceInLeft\u00bb css=\u00bb.vc_custom_1661978487550{margin-top: 0px !important;}\u00bb] Medios Comunitarios Pol\u00edticas p\u00fablicas y entornos regulatorios para la sostenibilidad de los medios comunitarios y de proximidad en Am\u00e9rica Latina. [\/vc_column_text][\/vc_column][\/vc_row][vc_row gap=\u00bb20&#8243;][vc_column][vc_row_inner][vc_column_inner][\/vc_column_inner][\/vc_row_inner][\/vc_column][\/vc_row][\/vc_section][vc_row full_width=\u00bbstretch_row\u00bb][vc_column][vc_empty_space][\/vc_column][\/vc_row][vc_row][vc_column width=\u00bb1\/4&#8243;][\/vc_column][vc_column width=\u00bb1\/4&#8243;][vc_column_text] Informes [&hellip;]<\/p>\n","protected":false},"author":1,"featured_media":0,"parent":0,"menu_order":0,"comment_status":"closed","ping_status":"closed","template":"","meta":{"footnotes":""},"class_list":["post-41","page","type-page","status-publish","hentry"],"_links":{"self":[{"href":"https:\/\/www.observacom.org\/proyectopidc\/wp-json\/wp\/v2\/pages\/41"}],"collection":[{"href":"https:\/\/www.observacom.org\/proyectopidc\/wp-json\/wp\/v2\/pages"}],"about":[{"href":"https:\/\/www.observacom.org\/proyectopidc\/wp-json\/wp\/v2\/types\/page"}],"author":[{"embeddable":true,"href":"https:\/\/www.observacom.org\/proyectopidc\/wp-json\/wp\/v2\/users\/1"}],"replies":[{"embeddable":true,"href":"https:\/\/www.observacom.org\/proyectopidc\/wp-json\/wp\/v2\/comments?post=41"}],"version-history":[{"count":105,"href":"https:\/\/www.observacom.org\/proyectopidc\/wp-json\/wp\/v2\/pages\/41\/revisions"}],"predecessor-version":[{"id":400,"href":"https:\/\/www.observacom.org\/proyectopidc\/wp-json\/wp\/v2\/pages\/41\/revisions\/400"}],"wp:attachment":[{"href":"https:\/\/www.observacom.org\/proyectopidc\/wp-json\/wp\/v2\/media?parent=41"}],"curies":[{"name":"wp","href":"https:\/\/api.w.org\/{rel}","templated":true}]}}